{"id":77,"date":"2021-06-15T14:31:25","date_gmt":"2021-06-15T12:31:25","guid":{"rendered":"https:\/\/www.restaurant-lecairn.com\/?page_id=77"},"modified":"2025-07-25T10:02:03","modified_gmt":"2025-07-25T08:02:03","slug":"kitchen-chef-restaurant-morbihan","status":"publish","type":"page","link":"https:\/\/www.restaurant-lecairn.com\/en\/cuisine-chef-restaurant-morbihan\/","title":{"rendered":"Chef's kitchen"},"content":{"rendered":"<div data-elementor-type=\"wp-page\" data-elementor-id=\"77\" class=\"elementor elementor-77\" data-elementor-post-type=\"page\">\n\t\t\t\t\t\t<section class=\"elementor-section elementor-top-section elementor-element elementor-element-50754a6 elementor-section-full_width elementor-section-height-default elementor-section-height-default\" data-id=\"50754a6\" data-element_type=\"section\" data-e-type=\"section\" id=\"ecran-accueil\">\n\t\t\t\t\t\t<div class=\"elementor-container elementor-column-gap-default\">\n\t\t\t\t\t<div class=\"elementor-column elementor-col-100 elementor-top-column elementor-element elementor-element-e7977a2\" data-id=\"e7977a2\" data-element_type=\"column\" data-e-type=\"column\">\n\t\t\t<div class=\"elementor-widget-wrap elementor-element-populated\">\n\t\t\t\t\t\t<div class=\"elementor-element elementor-element-644fe3a elementor--h-position-center elementor--v-position-middle elementor-arrows-position-inside elementor-pagination-position-inside elementor-widget elementor-widget-slides\" data-id=\"644fe3a\" data-element_type=\"widget\" data-e-type=\"widget\" data-settings=\"{&quot;navigation&quot;:&quot;both&quot;,&quot;autoplay&quot;:&quot;yes&quot;,&quot;pause_on_hover&quot;:&quot;yes&quot;,&quot;pause_on_interaction&quot;:&quot;yes&quot;,&quot;autoplay_speed&quot;:5000,&quot;infinite&quot;:&quot;yes&quot;,&quot;transition&quot;:&quot;slide&quot;,&quot;transition_speed&quot;:500}\" data-widget_type=\"slides.default\">\n\t\t\t\t<div class=\"elementor-widget-container\">\n\t\t\t\t\t\t\t\t\t<div class=\"elementor-swiper\">\n\t\t\t\t\t<div class=\"elementor-slides-wrapper elementor-main-swiper swiper\" role=\"region\" aria-roledescription=\"carousel\" aria-label=\"Slides\" dir=\"ltr\" data-animation=\"fadeInUp\">\n\t\t\t\t<div class=\"swiper-wrapper elementor-slides\">\n\t\t\t\t\t\t\t\t\t\t<div class=\"elementor-repeater-item-2f68ebb swiper-slide\" role=\"group\" aria-roledescription=\"slide\"><div class=\"swiper-slide-bg\" role=\"img\" aria-label=\"Cohen-CELTIQUE-BL-HOTELS-21\"><\/div><div class=\"swiper-slide-inner\" ><div class=\"swiper-slide-contents\"><\/div><\/div><\/div>\t\t\t\t<\/div>\n\t\t\t\t\t\t\t<\/div>\n\t\t\t\t<\/div>\n\t\t\t\t\t\t\t\t<\/div>\n\t\t\t\t<\/div>\n\t\t\t\t\t<\/div>\n\t\t<\/div>\n\t\t\t\t\t<\/div>\n\t\t<\/section>\n\t\t\t\t<section class=\"elementor-section elementor-top-section elementor-element elementor-element-27de959 elementor-section-full_width elementor-section-height-default elementor-section-height-default\" data-id=\"27de959\" data-element_type=\"section\" data-e-type=\"section\">\n\t\t\t\t\t\t<div class=\"elementor-container elementor-column-gap-default\">\n\t\t\t\t\t<div class=\"elementor-column elementor-col-100 elementor-top-column elementor-element elementor-element-b366bf8\" data-id=\"b366bf8\" data-element_type=\"column\" data-e-type=\"column\" data-settings=\"{&quot;background_background&quot;:&quot;classic&quot;}\">\n\t\t\t<div class=\"elementor-widget-wrap elementor-element-populated\">\n\t\t\t\t\t\t<section class=\"elementor-section elementor-inner-section elementor-element elementor-element-453097a elementor-reverse-mobile elementor-section-boxed elementor-section-height-default elementor-section-height-default\" data-id=\"453097a\" data-element_type=\"section\" data-e-type=\"section\" data-settings=\"{&quot;background_background&quot;:&quot;classic&quot;}\">\n\t\t\t\t\t\t<div class=\"elementor-container elementor-column-gap-default\">\n\t\t\t\t\t<div class=\"elementor-column elementor-col-50 elementor-inner-column elementor-element elementor-element-a987251\" data-id=\"a987251\" data-element_type=\"column\" data-e-type=\"column\">\n\t\t\t<div class=\"elementor-widget-wrap elementor-element-populated\">\n\t\t\t\t\t\t<div class=\"elementor-element elementor-element-c0c9705 elementor-widget elementor-widget-heading\" data-id=\"c0c9705\" data-element_type=\"widget\" data-e-type=\"widget\" data-widget_type=\"heading.default\">\n\t\t\t\t<div class=\"elementor-widget-container\">\n\t\t\t\t\t<h1 class=\"elementor-heading-title elementor-size-default\">Chef Florent G\u00e9rardin<\/h1>\t\t\t\t<\/div>\n\t\t\t\t<\/div>\n\t\t\t\t<div class=\"elementor-element elementor-element-e8af070 elementor-widget elementor-widget-heading\" data-id=\"e8af070\" data-element_type=\"widget\" data-e-type=\"widget\" data-widget_type=\"heading.default\">\n\t\t\t\t<div class=\"elementor-widget-container\">\n\t\t\t\t\t<h2 class=\"elementor-heading-title elementor-size-default\">Delights and delicacies in Carnac<\/h2>\t\t\t\t<\/div>\n\t\t\t\t<\/div>\n\t\t\t\t<div class=\"elementor-element elementor-element-add89d0 elementor-widget elementor-widget-text-editor\" data-id=\"add89d0\" data-element_type=\"widget\" data-e-type=\"widget\" data-widget_type=\"text-editor.default\">\n\t\t\t\t<div class=\"elementor-widget-container\">\n\t\t\t\t\t\t\t\t\t<p>Our Executive Chef, Florent G\u00e9rardin, got his start in some of the great houses of French gastronomy. He started out as an apprentice with Richard Coutanceau in La Rochelle, then trained alongside chefs Jo\u00ebl Robuchon and Alain Ducasse.<\/p><p>After two years in Austria, Florent made his mark at \"Saint-Pierre\" in Singapore. It was here that he found his authenticity, influenced by Asian cuisine. <br \/>Following this path, he continued his career in Australia, notably in Melbourne with Chef Shannon Bennett and then Chef Mark Best.<\/p><p>Fascinated by the country's culture, he opened his own restaurant, \u00d4ter. He was nominated \"Restaurant and Chef of the Year\" by the Good Food Guide. <br \/>Back in France on the Atlantic coast, he joined the brigade at Gordon Ramsay's \"Grand H\u00f4tel\" in Bordeaux, where he demonstrated rigorous work from the raw product to its presentation on the plate.<\/p><p>Always inspired by the seaside environment, punctuated by the seasons and the quality of the produce chosen, \"Flo\" now offers bistronomic cuisine in our restaurant \"Le Cairn\" in Carnac.<\/p><p>\u00a0<\/p><p>\u00a0<\/p>\t\t\t\t\t\t\t\t<\/div>\n\t\t\t\t<\/div>\n\t\t\t\t<div class=\"elementor-element elementor-element-67520c3 elementor-widget elementor-widget-heading\" data-id=\"67520c3\" data-element_type=\"widget\" data-e-type=\"widget\" data-widget_type=\"heading.default\">\n\t\t\t\t<div class=\"elementor-widget-container\">\n\t\t\t\t\t<h2 class=\"elementor-heading-title elementor-size-default\">The chef's motto<\/h2>\t\t\t\t<\/div>\n\t\t\t\t<\/div>\n\t\t\t\t<div class=\"elementor-element elementor-element-4a825d0 elementor-widget elementor-widget-text-editor\" data-id=\"4a825d0\" data-element_type=\"widget\" data-e-type=\"widget\" data-widget_type=\"text-editor.default\">\n\t\t\t\t<div class=\"elementor-widget-container\">\n\t\t\t\t\t\t\t\t\t<p>\"Good product + time + talent = a treat at 100%!\"<\/p>\t\t\t\t\t\t\t\t<\/div>\n\t\t\t\t<\/div>\n\t\t\t\t\t<\/div>\n\t\t<\/div>\n\t\t\t\t<div class=\"elementor-column elementor-col-50 elementor-inner-column elementor-element elementor-element-cd656c7\" data-id=\"cd656c7\" data-element_type=\"column\" data-e-type=\"column\" data-settings=\"{&quot;background_background&quot;:&quot;classic&quot;}\">\n\t\t\t<div class=\"elementor-widget-wrap elementor-element-populated\">\n\t\t\t\t\t\t<div class=\"elementor-element elementor-element-62dd69d elementor-widget elementor-widget-image\" data-id=\"62dd69d\" data-element_type=\"widget\" data-e-type=\"widget\" data-widget_type=\"image.default\">\n\t\t\t\t<div class=\"elementor-widget-container\">\n\t\t\t\t\t\t\t\t\t\t\t\t\t\t\t<img fetchpriority=\"high\" decoding=\"async\" width=\"546\" height=\"370\" src=\"https:\/\/www.restaurant-lecairn.com\/wp-content\/uploads\/2022\/01\/Cohen-CELTIQUE-BL-HOTELS-39-Copier-546x370.jpg\" class=\"attachment-image-moyenne size-image-moyenne wp-image-3104\" alt=\"Photo -\" srcset=\"https:\/\/www.restaurant-lecairn.com\/wp-content\/uploads\/2022\/01\/Cohen-CELTIQUE-BL-HOTELS-39-Copier-546x370.jpg 546w, https:\/\/www.restaurant-lecairn.com\/wp-content\/uploads\/2022\/01\/Cohen-CELTIQUE-BL-HOTELS-39-Copier-18x12.jpg 18w\" sizes=\"(max-width: 546px) 100vw, 546px\" title=\"Photo -\">\t\t\t\t\t\t\t\t\t\t\t\t\t\t\t<\/div>\n\t\t\t\t<\/div>\n\t\t\t\t<div class=\"elementor-element elementor-element-40684fd elementor-widget elementor-widget-image\" data-id=\"40684fd\" data-element_type=\"widget\" data-e-type=\"widget\" data-widget_type=\"image.default\">\n\t\t\t\t<div class=\"elementor-widget-container\">\n\t\t\t\t\t\t\t\t\t\t\t\t\t\t\t<img decoding=\"async\" width=\"546\" height=\"370\" src=\"https:\/\/www.restaurant-lecairn.com\/wp-content\/uploads\/2021\/10\/Cohen-CELTIQUE-BL-HOTELS-22-546x370.jpg\" class=\"attachment-image-moyenne size-image-moyenne wp-image-2969\" alt=\"Photo -\" srcset=\"https:\/\/www.restaurant-lecairn.com\/wp-content\/uploads\/2021\/10\/Cohen-CELTIQUE-BL-HOTELS-22-546x370.jpg 546w, https:\/\/www.restaurant-lecairn.com\/wp-content\/uploads\/2021\/10\/Cohen-CELTIQUE-BL-HOTELS-22-18x12.jpg 18w\" sizes=\"(max-width: 546px) 100vw, 546px\" title=\"Photo -\">\t\t\t\t\t\t\t\t\t\t\t\t\t\t\t<\/div>\n\t\t\t\t<\/div>\n\t\t\t\t\t<\/div>\n\t\t<\/div>\n\t\t\t\t\t<\/div>\n\t\t<\/section>\n\t\t\t\t\t<\/div>\n\t\t<\/div>\n\t\t\t\t\t<\/div>\n\t\t<\/section>\n\t\t\t\t<section class=\"elementor-section elementor-top-section elementor-element elementor-element-76f84c6 elementor-section-full_width elementor-section-height-min-height elementor-section-height-default elementor-section-items-middle\" data-id=\"76f84c6\" data-element_type=\"section\" data-e-type=\"section\" data-settings=\"{&quot;background_background&quot;:&quot;classic&quot;}\">\n\t\t\t\t\t\t\t<div class=\"elementor-background-overlay\"><\/div>\n\t\t\t\t\t\t\t<div class=\"elementor-container elementor-column-gap-wide\">\n\t\t\t\t\t<div class=\"elementor-column elementor-col-100 elementor-top-column elementor-element elementor-element-ad0ee70\" data-id=\"ad0ee70\" data-element_type=\"column\" data-e-type=\"column\">\n\t\t\t<div class=\"elementor-widget-wrap\">\n\t\t\t\t\t\t\t<\/div>\n\t\t<\/div>\n\t\t\t\t\t<\/div>\n\t\t<\/section>\n\t\t\t\t<section class=\"elementor-section elementor-top-section elementor-element elementor-element-0e913e6 elementor-section-full_width elementor-section-height-default elementor-section-height-default\" data-id=\"0e913e6\" data-element_type=\"section\" data-e-type=\"section\">\n\t\t\t\t\t\t<div class=\"elementor-container elementor-column-gap-default\">\n\t\t\t\t\t<div class=\"elementor-column elementor-col-100 elementor-top-column elementor-element elementor-element-c1a9cf7\" data-id=\"c1a9cf7\" data-element_type=\"column\" data-e-type=\"column\" data-settings=\"{&quot;background_background&quot;:&quot;classic&quot;}\">\n\t\t\t<div class=\"elementor-widget-wrap\">\n\t\t\t\t\t\t\t<\/div>\n\t\t<\/div>\n\t\t\t\t\t<\/div>\n\t\t<\/section>\n\t\t\t\t<\/div>","protected":false},"excerpt":{"rendered":"<p>Le Chef Florent G\u00e9rardin D\u00e9lices et gourmandises \u00e0 Carnac Notre Chef ex\u00e9cutif, Florent G\u00e9rardin, a fait ses d\u00e9buts dans de grandes maisons de la gastronomie fran\u00e7aise. Il a commenc\u00e9 en tant qu\u2019apprenti chez Richard Coutanceau \u00e0 la Rochelle puis il est ensuite form\u00e9 aux c\u00f4t\u00e9s des chefs Jo\u00ebl Robuchon et Alain Ducasse. Apr\u00e8s deux ans [&hellip;]<\/p>\n","protected":false},"author":6,"featured_media":0,"parent":0,"menu_order":0,"comment_status":"closed","ping_status":"closed","template":"","meta":{"_acf_changed":false,"inline_featured_image":false,"footnotes":""},"class_list":["post-77","page","type-page","status-publish","hentry"],"acf":[],"_links":{"self":[{"href":"https:\/\/www.restaurant-lecairn.com\/en\/wp-json\/wp\/v2\/pages\/77","targetHints":{"allow":["GET"]}}],"collection":[{"href":"https:\/\/www.restaurant-lecairn.com\/en\/wp-json\/wp\/v2\/pages"}],"about":[{"href":"https:\/\/www.restaurant-lecairn.com\/en\/wp-json\/wp\/v2\/types\/page"}],"author":[{"embeddable":true,"href":"https:\/\/www.restaurant-lecairn.com\/en\/wp-json\/wp\/v2\/users\/6"}],"replies":[{"embeddable":true,"href":"https:\/\/www.restaurant-lecairn.com\/en\/wp-json\/wp\/v2\/comments?post=77"}],"version-history":[{"count":142,"href":"https:\/\/www.restaurant-lecairn.com\/en\/wp-json\/wp\/v2\/pages\/77\/revisions"}],"predecessor-version":[{"id":3628,"href":"https:\/\/www.restaurant-lecairn.com\/en\/wp-json\/wp\/v2\/pages\/77\/revisions\/3628"}],"wp:attachment":[{"href":"https:\/\/www.restaurant-lecairn.com\/en\/wp-json\/wp\/v2\/media?parent=77"}],"curies":[{"name":"wp","href":"https:\/\/api.w.org\/{rel}","templated":true}]}}